



{"id":3,"date":"2023-08-01T23:58:36","date_gmt":"2023-08-01T23:58:36","guid":{"rendered":"https:\/\/www.1edo.com\/?page_id=3"},"modified":"2026-01-13T10:49:29","modified_gmt":"2026-01-13T10:49:29","slug":"privacy-policy","status":"publish","type":"page","link":"https:\/\/b2c.1edotech.com\/br\/privacy-policy\/","title":{"rendered":"pol\u00edtica de Privacidade"},"content":{"rendered":"<style type=\"text\/css\" data-created_by=\"avia_inline_auto\" id=\"style-css-av-g88b-69ddafea099c8e4b50c55fb5c2d9bced\">\n.avia-section.av-g88b-69ddafea099c8e4b50c55fb5c2d9bced{\nbackground-color:#fafafa;\nbackground-image:unset;\nmargin-top:0px;\nmargin-bottom:0px;\n}\n<\/style>\n<div id='av_section_1'  class='avia-section av-g88b-69ddafea099c8e4b50c55fb5c2d9bced main_color avia-section-small avia-no-border-styling  avia-builder-el-0  el_before_av_section  avia-builder-el-first  avia-bg-style-scroll container_wrap sidebar_right'  ><div class='container av-section-cont-open' ><main  role=\"main\" itemprop=\"mainContentOfPage\"  class='template-page content  av-content-small alpha units'><div class='post-entry post-entry-type-page post-entry-3'><div class='entry-content-wrapper clearfix'>\n\n<style type=\"text\/css\" data-created_by=\"avia_inline_auto\" id=\"style-css-av-d3mz-ce9581dae05a52e7ea4e3c9a02e1bd6e\">\n#top .flex_column.av-d3mz-ce9581dae05a52e7ea4e3c9a02e1bd6e{\nmargin-top:0px;\nmargin-bottom:0px;\n}\n.flex_column.av-d3mz-ce9581dae05a52e7ea4e3c9a02e1bd6e{\npadding:0% 0% 0% 0%;\n}\n.responsive #top #wrap_all .flex_column.av-d3mz-ce9581dae05a52e7ea4e3c9a02e1bd6e{\nmargin-top:0px;\nmargin-bottom:0px;\n}\n<\/style>\n<div class='flex_column av-d3mz-ce9581dae05a52e7ea4e3c9a02e1bd6e av_one_full  avia-builder-el-1  avia-builder-el-no-sibling  first flex_column_div av-animated-generic left-to-right av-zero-column-padding'     ><style type=\"text\/css\" data-created_by=\"avia_inline_auto\" id=\"style-css-av-bhmd-f6db3fb0993e3e4b83701c8962399a6d\">\n#top .av-special-heading.av-bhmd-f6db3fb0993e3e4b83701c8962399a6d{\nmargin:0% 0% 0% 0%;\npadding-bottom:0;\ncolor:#5d5f5f;\nfont-size:24px;\n}\nbody .av-special-heading.av-bhmd-f6db3fb0993e3e4b83701c8962399a6d .av-special-heading-tag .heading-char{\nfont-size:25px;\n}\n#top #wrap_all .av-special-heading.av-bhmd-f6db3fb0993e3e4b83701c8962399a6d .av-special-heading-tag{\nfont-size:24px;\npadding:0% 0% 0% 0%;\n}\n.av-special-heading.av-bhmd-f6db3fb0993e3e4b83701c8962399a6d .special-heading-inner-border{\nborder-color:#5d5f5f;\n}\n.av-special-heading.av-bhmd-f6db3fb0993e3e4b83701c8962399a6d .av-subheading{\nfont-size:15px;\n}\n\n@media only screen and (max-width: 479px){ \n#top #wrap_all .av-special-heading.av-bhmd-f6db3fb0993e3e4b83701c8962399a6d .av-special-heading-tag{\nfont-size:20px;\n}\n}\n\n@media only screen and (min-width: 480px) and (max-width: 767px){ \n#top #wrap_all .av-special-heading.av-bhmd-f6db3fb0993e3e4b83701c8962399a6d .av-special-heading-tag{\nfont-size:0.8em;\n}\n}\n<\/style>\n<div  class='av-special-heading av-bhmd-f6db3fb0993e3e4b83701c8962399a6d av-special-heading-h1 custom-color-heading blockquote modern-quote  avia-builder-el-2  avia-builder-el-no-sibling  av-inherit-size'><h1 class='av-special-heading-tag'  itemprop=\"headline\"  >POL\u00cdTICA DE PRIVACIDADE<\/h1><div class=\"special-heading-border\"><div class=\"special-heading-inner-border\"><\/div><\/div><\/div><\/div><\/div><\/div><\/main><!-- close content main element --><\/div><\/div>\n<style type=\"text\/css\" data-created_by=\"avia_inline_auto\" id=\"style-css-av-9tyl-1a7b3aa8c221fb4897a255baf0eeaeec\">\n.avia-section.av-9tyl-1a7b3aa8c221fb4897a255baf0eeaeec{\nmargin-top:2%;\nmargin-bottom:2%;\n}\n<\/style>\n<div id='av_section_2'  class='avia-section av-9tyl-1a7b3aa8c221fb4897a255baf0eeaeec main_color avia-section-default avia-no-border-styling  avia-builder-el-3  el_after_av_section  avia-builder-el-last  avia-bg-style-scroll container_wrap sidebar_right'  ><div class='container av-section-cont-open' ><div class='template-page content  av-content-small alpha units'><div class='post-entry post-entry-type-page post-entry-3'><div class='entry-content-wrapper clearfix'>\n\n<style type=\"text\/css\" data-created_by=\"avia_inline_auto\" id=\"style-css-av-7ek7-5f7f54cd528245fd8a9c920c58d9aa07\">\n#top .flex_column.av-7ek7-5f7f54cd528245fd8a9c920c58d9aa07{\nmargin-top:0%;\nmargin-bottom:0%;\n}\n.flex_column.av-7ek7-5f7f54cd528245fd8a9c920c58d9aa07{\npadding:0% 0% 0% 0%;\n}\n.responsive #top #wrap_all .flex_column.av-7ek7-5f7f54cd528245fd8a9c920c58d9aa07{\nmargin-top:0%;\nmargin-bottom:0%;\n}\n<\/style>\n<div class='flex_column av-7ek7-5f7f54cd528245fd8a9c920c58d9aa07 av_one_full  avia-builder-el-4  avia-builder-el-no-sibling  first flex_column_div av-animated-generic fade-in av-zero-column-padding'     ><p>\n<style type=\"text\/css\" data-created_by=\"avia_inline_auto\" id=\"style-css-av-6309-6b54a7aa7b01ce26e300079621713829\">\n#top .av-special-heading.av-6309-6b54a7aa7b01ce26e300079621713829{\nmargin:0% 0% 0% 0%;\npadding-bottom:0;\nfont-size:48px;\n}\nbody .av-special-heading.av-6309-6b54a7aa7b01ce26e300079621713829 .av-special-heading-tag .heading-char{\nfont-size:25px;\n}\n#top #wrap_all .av-special-heading.av-6309-6b54a7aa7b01ce26e300079621713829 .av-special-heading-tag{\nfont-size:48px;\npadding:0% 0% 1% 0%;\n}\n.av-special-heading.av-6309-6b54a7aa7b01ce26e300079621713829 .av-subheading{\nfont-size:15px;\n}\n\n@media only screen and (max-width: 479px){ \n#top #wrap_all .av-special-heading.av-6309-6b54a7aa7b01ce26e300079621713829 .av-special-heading-tag{\nfont-size:28px;\n}\n}\n\n@media only screen and (min-width: 480px) and (max-width: 767px){ \n#top #wrap_all .av-special-heading.av-6309-6b54a7aa7b01ce26e300079621713829 .av-special-heading-tag{\nfont-size:0.8em;\n}\n}\n<\/style>\n<div  class='av-special-heading av-6309-6b54a7aa7b01ce26e300079621713829 av-special-heading-h2 blockquote modern-quote  avia-builder-el-5  el_before_av_textblock  avia-builder-el-first  av-inherit-size'><h2 class='av-special-heading-tag'  itemprop=\"headline\"  >DECLARA\u00c7\u00c3O DE PRIVACIDADE DO SITE 1edo<\/h2><div class=\"special-heading-border\"><div class=\"special-heading-inner-border\"><\/div><\/div><\/div><br \/>\n\n<style type=\"text\/css\" data-created_by=\"avia_inline_auto\" id=\"style-css-av-3dwz-35a6c66197c24629c7eaf07caf8a7538\">\n#top .av_textblock_section.av-3dwz-35a6c66197c24629c7eaf07caf8a7538 .avia_textblock{\nfont-size:16px;\ntext-align:left;\n}\n\n@media only screen and (max-width: 479px){ \n#top .av_textblock_section.av-3dwz-35a6c66197c24629c7eaf07caf8a7538 .avia_textblock{\nfont-size:16px;\n}\n}\n<\/style>\n<section  class='av_textblock_section av-3dwz-35a6c66197c24629c7eaf07caf8a7538'  itemscope=\"itemscope\" itemtype=\"https:\/\/schema.org\/CreativeWork\" ><div class='avia_textblock nocti_polly_vbnmdfgv'  itemprop=\"text\" ><p>\u00daltima atualiza\u00e7\u00e3o: julho de 2023<br \/>\nEste aviso de privacidade explica como a 1edo coleta e usa dados pessoais de visitantes de seus sites web e mobile que possuem um link direto para este aviso (coletivamente, \u201cSites\u201d). Seus dados pessoais s\u00e3o controlados por<br \/>\n1edo Europe SA (coletivamente \u201c1edo\u201d, \u201dN\u00f3s\u201d e \u201cNosso\u201d).<\/p>\n<h2>DADOS ENVIADOS ATIVAMENTE<\/h2>\n<p>Se voc\u00ea nos ligar, enviar um e-mail ou preencher um formul\u00e1rio em um de nossos Sites, usaremos as informa\u00e7\u00f5es fornecidas para responder \u00e0 sua solicita\u00e7\u00e3o, nos comunicar com voc\u00ea ou auxili\u00e1-lo. Se voc\u00ea fizer compras por meio de nossos Sites, poderemos coletar dados necess\u00e1rios para processar seu pedido, como seu endere\u00e7o de entrega, os produtos solicitados e suas informa\u00e7\u00f5es de contato.<\/p>\n<h2>DADOS FORNECIDOS PASSIVAMENTE<\/h2>\n<p>Ao acessar nossos Sites, dependendo das suas op\u00e7\u00f5es de ades\u00e3o, certas informa\u00e7\u00f5es sobre seu computador ou dispositivo m\u00f3vel s\u00e3o compartilhadas conosco. Essas informa\u00e7\u00f5es podem incluir as atividades que voc\u00ea realiza em nossos Sites, o tipo de hardware e software que voc\u00ea utiliza (como seu sistema operacional ou navegador), informa\u00e7\u00f5es armazenadas em cookies, endere\u00e7o IP, hor\u00e1rios de acesso, as p\u00e1ginas da web de onde voc\u00ea veio, as regi\u00f5es de onde voc\u00ea navega na p\u00e1gina da web e as p\u00e1ginas da web que voc\u00ea acessa. Utilizamos essas informa\u00e7\u00f5es para melhor compreender os interesses dos usu\u00e1rios de nossos Sites e para aprimorar nossos Sites, servi\u00e7os e produtos.<\/p>\n<p>Atualmente, n\u00e3o respondemos aos sinais de &quot;N\u00e3o rastrear&quot; dos navegadores, pois estamos tentando oferecer uma experi\u00eancia personalizada em nosso site.<\/p>\n<h2>BISCOITOS<\/h2>\n<p>A 1edo utiliza cookies, que s\u00e3o basicamente pequenos arquivos de dados armazenados no seu computador, tablet, celular ou outros dispositivos. Clique aqui para saber mais sobre cookies.<\/p>\n<h2>USO E COMPARTILHAMENTO DE DADOS<\/h2>\n<p>Utilizamos os dados que coletamos para proporcionar a voc\u00ea experi\u00eancias ricas e interativas. Em particular, podemos usar os dados para:<\/p>\n<ul>\n<li>prestar o servi\u00e7o ou realizar as transa\u00e7\u00f5es a seu pedido;<\/li>\n<li>Melhorar e desenvolver nossos produtos;<\/li>\n<li>Personalize sua experi\u00eancia;<\/li>\n<li>processar as candidaturas de emprego que voc\u00ea enviar atrav\u00e9s dos nossos Sites;<\/li>\n<li>Anunciar e comercializar para voc\u00ea, sujeito aos requisitos legais aplic\u00e1veis, pode incluir o envio de comunica\u00e7\u00f5es promocionais e segmenta\u00e7\u00e3o.<\/li>\n<li>publicidade e apresenta\u00e7\u00e3o de ofertas relevantes para voc\u00ea.<\/li>\n<\/ul>\n<h2>CRIAN\u00c7AS<\/h2>\n<p>N\u00e3o coletamos nem mantemos, de forma consciente, informa\u00e7\u00f5es sobre pessoas menores de 13 anos de idade. Caso tomemos conhecimento de que informa\u00e7\u00f5es sobre pessoas menores de 13 anos de idade foram coletadas em ou por meio dos Sites, tomaremos as medidas cab\u00edveis para excluir essas informa\u00e7\u00f5es. Se voc\u00ea for pai\/m\u00e3e ou respons\u00e1vel legal de uma crian\u00e7a menor de 13 anos de idade que se cadastrou para uma conta ou servi\u00e7o em nossos Sites, entre em contato conosco usando as informa\u00e7\u00f5es de contato abaixo para que a conta ou o servi\u00e7o dessa crian\u00e7a seja encerrado e as informa\u00e7\u00f5es pessoais sejam exclu\u00eddas.<\/p>\n<h2>RETEN\u00c7\u00c3O DE DADOS<\/h2>\n<p>Conservamos os dados pessoais pelo tempo necess\u00e1rio para fornecer funcionalidades e concluir as transa\u00e7\u00f5es que voc\u00ea solicitou, ou para outros fins leg\u00edtimos, como cumprir nossas obriga\u00e7\u00f5es legais, resolver disputas e fazer cumprir nossos contratos. Como essas necessidades podem variar de acordo com o tipo de dado, o contexto de nossas intera\u00e7\u00f5es com voc\u00ea ou seu uso de nossos Sites, os per\u00edodos reais de reten\u00e7\u00e3o podem variar significativamente.<\/p>\n<h2>SEGURAN\u00c7A DE DADOS<\/h2>\n<p>Utilizamos certificados TLS, criptografia, limita\u00e7\u00f5es de acesso a dados, software antiv\u00edrus e firewalls para reduzir o risco de acesso n\u00e3o autorizado a dados pessoais. Nenhuma transmiss\u00e3o de dados pela Internet ou por qualquer rede sem fio \u00e9 totalmente segura. Esteja ciente dos riscos de seguran\u00e7a ao nos transmitir dados pessoais e ao publicar informa\u00e7\u00f5es em nossos f\u00f3runs p\u00fablicos.<br \/>\nCaso deseje reportar algum problema de seguran\u00e7a em qualquer um de nossos produtos, preencha o formul\u00e1rio e os anexos necess\u00e1rios e envie para a equipe de seguran\u00e7a da 1edo.<\/p>\n<h2>CONTROLANDO E ACESSANDO SUAS INFORMA\u00c7\u00d5ES<\/h2>\n<p>Voc\u00ea pode solicitar que atualizemos ou excluamos\/desativemos determinadas informa\u00e7\u00f5es referentes a voc\u00ea.<\/p>\n<p>Caso n\u00e3o seja poss\u00edvel remover algumas informa\u00e7\u00f5es pessoais, informaremos o motivo. Se voc\u00ea se inscreveu para receber e-mails de marketing, pode cancelar o recebimento seguindo as instru\u00e7\u00f5es de cancelamento de inscri\u00e7\u00e3o contidas no e-mail recebido ou na p\u00e1gina de gerenciamento de assinaturas em nosso site: https:\/\/www.1edo.com\/subscribe.<\/p>\n<p>Voc\u00ea tamb\u00e9m tem o direito de solicitar informa\u00e7\u00f5es sobre como seus dados s\u00e3o processados e com quem os compartilhamos.<\/p>\n<p>Al\u00e9m disso, se voc\u00ea acredita que certas informa\u00e7\u00f5es que a 1edo processa sobre voc\u00ea s\u00e3o imprecisas, voc\u00ea tem o direito de solicitar a corre\u00e7\u00e3o dessas informa\u00e7\u00f5es.<\/p>\n<p>Faremos o poss\u00edvel para responder \u00e0 sua solicita\u00e7\u00e3o de revis\u00e3o das informa\u00e7\u00f5es que temos em arquivo a seu respeito dentro de 30 dias a partir do recebimento da solicita\u00e7\u00e3o.<\/p>\n<p>Se voc\u00ea tiver d\u00favidas, coment\u00e1rios ou desejar fazer uma solicita\u00e7\u00e3o referente aos seus dados ou \u00e0 nossa Declara\u00e7\u00e3o, Declara\u00e7\u00f5es anteriores e pr\u00e1ticas de dados, entre em contato conosco em support.1edo.com\/response-center ou pelos seguintes m\u00e9todos:<\/p>\n<p>Telefone: +86-755-61811368<br \/>\nContato: support.1edo.com\/response-center<br \/>\nCorreio postal: 5\u00ba andar, Edif\u00edcio B20, Parque Industrial Hengfeng, cidade de Xixiang, distrito de Bao&#039;an, Shenzhen, China<\/p>\n<p>Caso n\u00e3o esteja satisfeito com a nossa resposta, pode apresentar a sua reclama\u00e7\u00e3o ou contesta\u00e7\u00e3o relacionada com a privacidade \u00e0 autoridade de prote\u00e7\u00e3o de dados estadual ou nacional competente na sua jurisdi\u00e7\u00e3o.<\/p>\n<h2>ALTERA\u00c7\u00c3O DESTA DECLARA\u00c7\u00c3O<\/h2>\n<p>Ocasionalmente, atualizaremos esta Declara\u00e7\u00e3o. Caso haja altera\u00e7\u00f5es substanciais nesta Declara\u00e7\u00e3o ou na forma como utilizaremos suas informa\u00e7\u00f5es pessoais, publicaremos as altera\u00e7\u00f5es de forma destacada antes de implement\u00e1-las.<\/p>\n<p>N\u00e3o faremos nenhuma altera\u00e7\u00e3o que seja menos protetora das suas informa\u00e7\u00f5es pessoais coletadas no passado sem o seu consentimento.<\/p>\n<p>Recomendamos que voc\u00ea revise esta Declara\u00e7\u00e3o periodicamente para se manter informado sobre como protegemos suas informa\u00e7\u00f5es.<\/p>\n<p>Agradecemos o seu interesse na 1edo e em nossos produtos e servi\u00e7os.<\/p>\n<\/div><\/section><\/p><\/div>\n<\/div><\/div><\/div><!-- close content main div --><\/div><\/div><div id='after_section_2'  class='main_color av_default_container_wrap container_wrap sidebar_right'  ><div class='container av-section-cont-open' ><div class='template-page content  av-content-small alpha units'><div class='post-entry post-entry-type-page post-entry-3'><div class='entry-content-wrapper clearfix'><\/p>","protected":false},"excerpt":{"rendered":"","protected":false},"author":1,"featured_media":0,"parent":0,"menu_order":59,"comment_status":"closed","ping_status":"open","template":"","meta":{"_acf_changed":false,"footnotes":""},"class_list":["post-3","page","type-page","status-publish","hentry"],"acf":[],"yoast_head":"<!-- This site is optimized with the Yoast SEO plugin v26.7 - https:\/\/yoast.com\/wordpress\/plugins\/seo\/ -->\n<title>Privacy Policy - 1edo mall<\/title>\n<meta name=\"description\" content=\"At 1edo, we prioritize your privacy. Learn more about our product privacy policy and how we protect Your personal information. Please visit us now to read our policy.\" \/>\n<meta name=\"robots\" content=\"index, follow, max-snippet:-1, max-image-preview:large, max-video-preview:-1\" \/>\n<link rel=\"canonical\" href=\"https:\/\/b2c.1edotech.com\/br\/privacy-policy\/\" \/>\n<meta property=\"og:locale\" content=\"pt_BR\" \/>\n<meta property=\"og:type\" content=\"article\" \/>\n<meta property=\"og:title\" content=\"Privacy Policy - 1edo mall\" \/>\n<meta property=\"og:description\" content=\"At 1edo, we prioritize your privacy. Learn more about our product privacy policy and how we protect Your personal information. Please visit us now to read our policy.\" \/>\n<meta property=\"og:url\" content=\"https:\/\/b2c.1edotech.com\/br\/privacy-policy\/\" \/>\n<meta property=\"og:site_name\" content=\"1edo mall\" \/>\n<meta property=\"article:modified_time\" content=\"2026-01-13T10:49:29+00:00\" \/>\n<meta name=\"twitter:card\" content=\"summary_large_image\" \/>\n<meta name=\"twitter:label1\" content=\"Est. tempo de leitura\" \/>\n\t<meta name=\"twitter:data1\" content=\"5 minutos\" \/>\n<script type=\"application\/ld+json\" class=\"yoast-schema-graph\">{\"@context\":\"https:\/\/schema.org\",\"@graph\":[{\"@type\":\"WebPage\",\"@id\":\"https:\/\/b2c.1edotech.com\/br\/privacy-policy\/\",\"url\":\"https:\/\/b2c.1edotech.com\/br\/privacy-policy\/\",\"name\":\"Privacy Policy - 1edo mall\",\"isPartOf\":{\"@id\":\"https:\/\/b2c.1edotech.com\/#website\"},\"datePublished\":\"2023-08-01T23:58:36+00:00\",\"dateModified\":\"2026-01-13T10:49:29+00:00\",\"description\":\"At 1edo, we prioritize your privacy. Learn more about our product privacy policy and how we protect Your personal information. Please visit us now to read our policy.\",\"inLanguage\":\"pt-BR\",\"potentialAction\":[{\"@type\":\"ReadAction\",\"target\":[\"https:\/\/b2c.1edotech.com\/br\/privacy-policy\/\"]}]},{\"@type\":\"WebSite\",\"@id\":\"https:\/\/b2c.1edotech.com\/#website\",\"url\":\"https:\/\/b2c.1edotech.com\/\",\"name\":\"1edo mall\",\"description\":\"1edo mall\",\"potentialAction\":[{\"@type\":\"SearchAction\",\"target\":{\"@type\":\"EntryPoint\",\"urlTemplate\":\"https:\/\/b2c.1edotech.com\/?s={search_term_string}\"},\"query-input\":{\"@type\":\"PropertyValueSpecification\",\"valueRequired\":true,\"valueName\":\"search_term_string\"}}],\"inLanguage\":\"pt-BR\"}]}<\/script>\n<!-- \/ Yoast SEO plugin. -->","yoast_head_json":{"title":"Privacy Policy - 1edo mall","description":"At 1edo, we prioritize your privacy. Learn more about our product privacy policy and how we protect Your personal information. Please visit us now to read our policy.","robots":{"index":"index","follow":"follow","max-snippet":"max-snippet:-1","max-image-preview":"max-image-preview:large","max-video-preview":"max-video-preview:-1"},"canonical":"https:\/\/b2c.1edotech.com\/br\/privacy-policy\/","og_locale":"pt_BR","og_type":"article","og_title":"Privacy Policy - 1edo mall","og_description":"At 1edo, we prioritize your privacy. Learn more about our product privacy policy and how we protect Your personal information. Please visit us now to read our policy.","og_url":"https:\/\/b2c.1edotech.com\/br\/privacy-policy\/","og_site_name":"1edo mall","article_modified_time":"2026-01-13T10:49:29+00:00","twitter_card":"summary_large_image","twitter_misc":{"Est. tempo de leitura":"5 minutos"},"schema":{"@context":"https:\/\/schema.org","@graph":[{"@type":"WebPage","@id":"https:\/\/b2c.1edotech.com\/br\/privacy-policy\/","url":"https:\/\/b2c.1edotech.com\/br\/privacy-policy\/","name":"Privacy Policy - 1edo mall","isPartOf":{"@id":"https:\/\/b2c.1edotech.com\/#website"},"datePublished":"2023-08-01T23:58:36+00:00","dateModified":"2026-01-13T10:49:29+00:00","description":"At 1edo, we prioritize your privacy. Learn more about our product privacy policy and how we protect Your personal information. Please visit us now to read our policy.","inLanguage":"pt-BR","potentialAction":[{"@type":"ReadAction","target":["https:\/\/b2c.1edotech.com\/br\/privacy-policy\/"]}]},{"@type":"WebSite","@id":"https:\/\/b2c.1edotech.com\/#website","url":"https:\/\/b2c.1edotech.com\/","name":"shopping 1edo","description":"shopping 1edo","potentialAction":[{"@type":"SearchAction","target":{"@type":"EntryPoint","urlTemplate":"https:\/\/b2c.1edotech.com\/?s={search_term_string}"},"query-input":{"@type":"PropertyValueSpecification","valueRequired":true,"valueName":"search_term_string"}}],"inLanguage":"pt-BR"}]}},"_links":{"self":[{"href":"https:\/\/b2c.1edotech.com\/br\/wp-json\/wp\/v2\/pages\/3","targetHints":{"allow":["GET"]}}],"collection":[{"href":"https:\/\/b2c.1edotech.com\/br\/wp-json\/wp\/v2\/pages"}],"about":[{"href":"https:\/\/b2c.1edotech.com\/br\/wp-json\/wp\/v2\/types\/page"}],"author":[{"embeddable":true,"href":"https:\/\/b2c.1edotech.com\/br\/wp-json\/wp\/v2\/users\/1"}],"replies":[{"embeddable":true,"href":"https:\/\/b2c.1edotech.com\/br\/wp-json\/wp\/v2\/comments?post=3"}],"version-history":[{"count":3,"href":"https:\/\/b2c.1edotech.com\/br\/wp-json\/wp\/v2\/pages\/3\/revisions"}],"predecessor-version":[{"id":15516,"href":"https:\/\/b2c.1edotech.com\/br\/wp-json\/wp\/v2\/pages\/3\/revisions\/15516"}],"wp:attachment":[{"href":"https:\/\/b2c.1edotech.com\/br\/wp-json\/wp\/v2\/media?parent=3"}],"curies":[{"name":"wp","href":"https:\/\/api.w.org\/{rel}","templated":true}]}}